


{"id":13,"date":"2011-07-21T07:14:51","date_gmt":"2011-07-21T07:14:51","guid":{"rendered":"http:\/\/team.inria.fr\/template1\/?page_id=13"},"modified":"2024-12-18T14:15:08","modified_gmt":"2024-12-18T13:15:08","slug":"presentation","status":"publish","type":"page","link":"https:\/\/www-secreizh.irisa.fr\/fr\/","title":{"rendered":"Pr\u00e9sentation"},"content":{"rendered":"<p><\/p>\n<h1>\u00c9quipe ARCHWARE<\/h1>\n<p>L&rsquo;\u00e9quipe de recherche SecReizh se concentre sur le d\u00e9veloppement de langages, de processus et d&rsquo;outils n\u00e9cessaires pour la construction de syst\u00e8mes s\u00e9curis\u00e9s par conception. Les travaux de recherche sont, principalement, ax\u00e9s sur l&rsquo;architecture logicielle pour les syst\u00e8mes de syst\u00e8mes socio-techniques (SoSTS). En fait, les \u00eatres humains ont un r\u00f4le important \u00e0 jouer dans la r\u00e9ussite de la mission des SoST. La philosophie suivie par l&rsquo;\u00e9quipe SecReizh est : pour mieux cerner la vuln\u00e9rabilit\u00e9 d&rsquo;un syst\u00e8me il est n\u00e9cessaire de prendre en compte tout son environnement.<\/p>\n<h2>Rapports d&rsquo;activit\u00e9s<\/h2>\n<ul>\n<li><a href=\"\/files\/2022\/04\/ARCHWARE_RA2020_2021.pdf\">Activity Report 2020-2021<\/a><\/li>\n<li><a href=\"\/files\/2020\/07\/ARCHWARE_RA2019.pdf\">Activity Report 2019<\/a><\/li>\n<li><a href=\"\/files\/2020\/07\/ARCHWARE_RA2018.pdf\">Activity Report 2018<\/a><\/li>\n<li><a href=\"\/files\/2020\/07\/ARCHWARE_RA2017.pdf\">Activity Report 2017<\/a><\/li>\n<li><a href=\"\/files\/2020\/07\/ARCHWARE_RA2016.pdf\">Activity Report 2016<\/a><\/li>\n<li><a href=\"\/files\/2020\/07\/ARCHWARE_RA2015.pdf\">Activity Report 2015<\/a><\/li>\n<\/ul>\n<p><\/p>","protected":false},"excerpt":{"rendered":"<p>\u00c9quipe ARCHWARE L&rsquo;\u00e9quipe de recherche SecReizh se concentre sur le d\u00e9veloppement de langages, de processus et d&rsquo;outils n\u00e9cessaires pour la construction de syst\u00e8mes s\u00e9curis\u00e9s par conception. Les travaux de recherche sont, principalement, ax\u00e9s sur l&rsquo;architecture logicielle pour les syst\u00e8mes de syst\u00e8mes socio-techniques (SoSTS). En fait, les \u00eatres humains ont un r\u00f4le important \u00e0 jouer dans &hellip; <\/p>\n<p><a class=\"more-link btn\" href=\"https:\/\/www-secreizh.irisa.fr\/fr\/\">Lire la suite<\/a><\/p>\n","protected":false},"author":744,"featured_media":0,"parent":0,"menu_order":0,"comment_status":"closed","ping_status":"open","template":"","meta":{"footnotes":""},"class_list":["post-13","page","type-page","status-publish","hentry","nodate","item-wrap"],"_links":{"self":[{"href":"https:\/\/www-secreizh.irisa.fr\/fr\/wp-json\/wp\/v2\/pages\/13","targetHints":{"allow":["GET"]}}],"collection":[{"href":"https:\/\/www-secreizh.irisa.fr\/fr\/wp-json\/wp\/v2\/pages"}],"about":[{"href":"https:\/\/www-secreizh.irisa.fr\/fr\/wp-json\/wp\/v2\/types\/page"}],"author":[{"embeddable":true,"href":"https:\/\/www-secreizh.irisa.fr\/fr\/wp-json\/wp\/v2\/users\/744"}],"replies":[{"embeddable":true,"href":"https:\/\/www-secreizh.irisa.fr\/fr\/wp-json\/wp\/v2\/comments?post=13"}],"version-history":[{"count":36,"href":"https:\/\/www-secreizh.irisa.fr\/fr\/wp-json\/wp\/v2\/pages\/13\/revisions"}],"predecessor-version":[{"id":995,"href":"https:\/\/www-secreizh.irisa.fr\/fr\/wp-json\/wp\/v2\/pages\/13\/revisions\/995"}],"wp:attachment":[{"href":"https:\/\/www-secreizh.irisa.fr\/fr\/wp-json\/wp\/v2\/media?parent=13"}],"curies":[{"name":"wp","href":"https:\/\/api.w.org\/{rel}","templated":true}]}}