


{"id":216,"date":"2013-06-10T18:30:46","date_gmt":"2013-06-10T16:30:46","guid":{"rendered":"https:\/\/www-archware.irisa.fr\/?page_id=216"},"modified":"2021-09-14T16:25:26","modified_gmt":"2021-09-14T14:25:26","slug":"jeremy-buisson","status":"publish","type":"page","link":"https:\/\/www-secreizh.irisa.fr\/fr\/members\/jeremy-buisson\/","title":{"rendered":"J\u00e9r\u00e9my Buisson"},"content":{"rendered":"<p><\/p>\n<h1>Th\u00e9matique de recherche<\/h1>\n<p>Un syst\u00e8me de syst\u00e8mes est un syst\u00e8me distribu\u00e9 dont les constituants conservent leur ind\u00e9pendance manag\u00e9riale et op\u00e9rationnelle. \u00c0 cause de ces caract\u00e9ristiques, cette cat\u00e9gorie de syst\u00e8mes requiert des processus d\u2019ing\u00e9nierie et des langages de mod\u00e9lisation sp\u00e9cifiques. Par exemple, les institutions militaires et les industriels de la d\u00e9fense utilisent typiquement des cadres d\u2019architecture comme NAF (NATO Architecture Framework) pour guider le travail d\u2019ing\u00e9nierie des programmes d\u2019armement.\u00a0 C\u2019est dans ce contexte que se situent mes travaux de recherches. D\u2019une part, je m\u2019int\u00e9resse plus particuli\u00e8rement \u00e0 la question de la reconfiguration dynamique, notamment pour le d\u00e9veloppement \u00e9volutionnaire typique des syst\u00e8mes de syst\u00e8mes. D\u2019autre part, je d\u00e9veloppe une activit\u00e9 consistant \u00e0 adopter le point de vue syst\u00e8me de syst\u00e8mes pour les ordres notamment au niveau tactique. Ces deux axes principaux sont soutenus par des aspects de mod\u00e9lisation, et d\u2019ing\u00e9nierie par les mod\u00e8les.<\/p>\n<h1>Parcours<\/h1>\n<p>J\u2019ai soutenu ma th\u00e8se de doctorat en septembre 2006 \u00e0 l\u2019INSA de Rennes sur la th\u00e9matique de l\u2019adaptation dynamique des logiciels, dans le domaine sp\u00e9cifique du calcul scientifique, notamment pour prendre en compte la variabilit\u00e9 de la disponibilit\u00e9 des ressources de calcul pendant l\u2019ex\u00e9cution. Cette activit\u00e9 s\u2019est conclue par un s\u00e9jour \u00e0 TU Delft pendant une ann\u00e9e d\u2019ATER sur la m\u00eame th\u00e9matique<\/p>\n<p>Puis j\u2019ai effectu\u00e9 un postdoc d\u2019un an et demi \u00e0 T\u00e9l\u00e9com Bretagne (d\u00e9sormais IMT Atlantique) sur l\u2019architecture et la mise \u00e0 jour des logiciels de contr\u00f4le de vol spatial.<\/p>\n<p>En mars 2009, j\u2019ai \u00e9t\u00e9 recrut\u00e9 par l\u2019UBS comme ma\u00eetre de conf\u00e9rences et j\u2019ai rejoint l&rsquo;Acad\u00e9mie de Saint-Cyr Co\u00ebtquidan (AMSCC) en d\u00e9tachement d\u00e8s ma prise de fonction, membre du Centre de Recherche Saint-Cyr Co\u00ebtquidan (CReC).<\/p>\n<p>Je suis enseignant-chercheur en informatique, et je m\u2019int\u00e9resse plus particuli\u00e8rement au concept d\u2019architecture, aux syst\u00e8mes de syst\u00e8mes, \u00e0 la reconfiguration dynamique et aux processus d\u2019ing\u00e9nierie sous-jacents. Je d\u00e9veloppe \u00e9galement une nouvelle activit\u00e9 pour transposer les approches de g\u00e9nie logiciel et de syst\u00e8me de syst\u00e8mes au cas des op\u00e9rations militaires, dans la perspective des \u00e9volutions du combat et des syst\u00e8mes d\u2019armes, notamment le concept de combat collaboratif.<\/p>\n<p>Depuis janvier 2012, je suis membre de l\u2019UMR IRISA, dans le d\u00e9partement \u00ab\u00a0Langage et G\u00e9nie Logiciel\u00a0\u00bb, dans l\u2019\u00e9quipe ARCHWARE localis\u00e9e \u00e0 Vannes.<\/p>\n<p>En f\u00e9vrier 2021, j\u2019ai soutenu mon habilitation \u00e0 diriger les recherches sur ces th\u00e9matiques.<\/p>","protected":false},"excerpt":{"rendered":"<p>Th\u00e9matique de recherche Un syst\u00e8me de syst\u00e8mes est un syst\u00e8me distribu\u00e9 dont les constituants conservent leur ind\u00e9pendance manag\u00e9riale et op\u00e9rationnelle. \u00c0 cause de ces caract\u00e9ristiques, cette cat\u00e9gorie de syst\u00e8mes requiert des processus d\u2019ing\u00e9nierie et des langages de mod\u00e9lisation sp\u00e9cifiques. Par exemple, les institutions militaires et les industriels de la d\u00e9fense utilisent typiquement des cadres d\u2019architecture &hellip; <\/p>\n<p><a class=\"more-link btn\" href=\"https:\/\/www-secreizh.irisa.fr\/fr\/members\/jeremy-buisson\/\">Lire la suite<\/a><\/p>\n","protected":false},"author":744,"featured_media":0,"parent":22,"menu_order":0,"comment_status":"closed","ping_status":"open","template":"","meta":{"footnotes":""},"class_list":["post-216","page","type-page","status-publish","hentry","nodate","item-wrap"],"_links":{"self":[{"href":"https:\/\/www-secreizh.irisa.fr\/fr\/wp-json\/wp\/v2\/pages\/216","targetHints":{"allow":["GET"]}}],"collection":[{"href":"https:\/\/www-secreizh.irisa.fr\/fr\/wp-json\/wp\/v2\/pages"}],"about":[{"href":"https:\/\/www-secreizh.irisa.fr\/fr\/wp-json\/wp\/v2\/types\/page"}],"author":[{"embeddable":true,"href":"https:\/\/www-secreizh.irisa.fr\/fr\/wp-json\/wp\/v2\/users\/744"}],"replies":[{"embeddable":true,"href":"https:\/\/www-secreizh.irisa.fr\/fr\/wp-json\/wp\/v2\/comments?post=216"}],"version-history":[{"count":7,"href":"https:\/\/www-secreizh.irisa.fr\/fr\/wp-json\/wp\/v2\/pages\/216\/revisions"}],"predecessor-version":[{"id":944,"href":"https:\/\/www-secreizh.irisa.fr\/fr\/wp-json\/wp\/v2\/pages\/216\/revisions\/944"}],"up":[{"embeddable":true,"href":"https:\/\/www-secreizh.irisa.fr\/fr\/wp-json\/wp\/v2\/pages\/22"}],"wp:attachment":[{"href":"https:\/\/www-secreizh.irisa.fr\/fr\/wp-json\/wp\/v2\/media?parent=216"}],"curies":[{"name":"wp","href":"https:\/\/api.w.org\/{rel}","templated":true}]}}