


{"id":22,"date":"2011-07-21T07:18:23","date_gmt":"2011-07-21T07:18:23","guid":{"rendered":"http:\/\/team.inria.fr\/template1\/?page_id=22"},"modified":"2024-11-28T12:10:37","modified_gmt":"2024-11-28T11:10:37","slug":"members","status":"publish","type":"page","link":"https:\/\/www-secreizh.irisa.fr\/fr\/members\/","title":{"rendered":"Membres de l&rsquo;\u00e9quipe"},"content":{"rendered":"<p><\/p>\n<h2>Responsable d&rsquo;\u00e9quipe<\/h2>\n<blockquote><p><a title=\"Flavio Oquendo\" href=\"https:\/\/www-archware.irisa.fr\/members\/flavio-oquendo\/\">Flavio Oquendo<\/a><\/p><\/blockquote>\n<h2>Chercheurs<\/h2>\n<blockquote>\n<ul>\n<li><a title=\"Nicolas Belloir\" href=\"https:\/\/www-archware.irisa.fr\/members\/nicolas-belloir\/\">Nicolas Belloir<\/a><\/li>\n<li><a title=\"Isabelle Borne\" href=\"https:\/\/www-archware.irisa.fr\/members\/isabelle-borne\/\">Isabelle Borne<\/a><\/li>\n<li><a title=\"J\u00e9r\u00e9my Buisson\" href=\"https:\/\/www-archware.irisa.fr\/members\/jeremy-buisson\/\">J\u00e9r\u00e9my Buisson<\/a><\/li>\n<li><a href=\"https:\/\/www-archware.irisa.fr\/members\/jamal-el-hachem\/\">Jamal El Hachem<\/a><\/li>\n<li><a title=\"R\u00e9gis Fleurquin\" href=\"https:\/\/www-archware.irisa.fr\/members\/regis-fleurquin\/\">R\u00e9gis Fleurquin<\/a><\/li>\n<li><a title=\"Elena Leroux\" href=\"https:\/\/www-archware.irisa.fr\/members\/elena-leroux\/\">Elena Leroux<\/a><\/li>\n<li><a title=\"Salah Sadou\" href=\"https:\/\/www-archware.irisa.fr\/members\/salah-sadou\/\">Salah Sadou<\/a><\/li>\n<\/ul>\n<\/blockquote>\n<h2>Ing\u00e9nieurs<\/h2>\n<blockquote>\n<ul>\n<li><a title=\"Gersan Mogu\u00e9rou\" href=\"https:\/\/www-archware.irisa.fr\/members\/gersan-moguerou\/\">Gersan Mogu\u00e9rou<\/a><\/li>\n<\/ul>\n<\/blockquote>\n<h2>Doctorants<\/h2>\n<blockquote>\n<ul>\n<li>Rymel Benabidallah<\/li>\n<li>Youcef Bouziane<\/li>\n<li>Monica Johana Buitrago Ramirez<\/li>\n<li>Elyes Cherfa<\/li>\n<li>Imane Cherfa<\/li>\n<li>Paul Perrotin<\/li>\n<\/ul>\n<\/blockquote>\n<h2>Anciens membres<\/h2>\n<ul>\n<li><a href=\"https:\/\/www-archware.irisa.fr\/members\/vanea-chiprianov\/\">Vanea Chiprianov<\/a><\/li>\n<\/ul>\n<h2>Anciens doctorants<\/h2>\n<blockquote>\n<ul>\n<li>Abderrhamane Seriai (2014)<\/li>\n<li>Salma Hamza (2014)<\/li>\n<li>Minh Tu Ton That (2014)<\/li>\n<li>Davy H\u00e9lard (2015)<\/li>\n<li>Lucas Oliveira (2015)<\/li>\n<li>Everton Cavalcante (2016)<\/li>\n<li>Marcelo Gon\u00e7alves (2016)<\/li>\n<li>Milena Guessi (2017)<\/li>\n<li>Soraya Mesli (2017)<\/li>\n<li>Valdemar Neto (2018)<\/li>\n<li>Lina Rodriguez (2018)<\/li>\n<li>Armel Esnault (2018)<\/li>\n<li>Franck Petitdemange (2018)<\/li>\n<li>Eduardo Silva (2018)<\/li>\n<li>Dephine Beaulaton<\/li>\n<li>Raounak Benabidallah<\/li>\n<li>Nan Zhang Messe (2020)<\/li>\n<\/ul>\n<\/blockquote>\n<p><\/p>","protected":false},"excerpt":{"rendered":"<p>Responsable d&rsquo;\u00e9quipe Flavio Oquendo Chercheurs Nicolas Belloir Isabelle Borne J\u00e9r\u00e9my Buisson Jamal El Hachem R\u00e9gis Fleurquin Elena Leroux Salah Sadou Ing\u00e9nieurs Gersan Mogu\u00e9rou Doctorants Rymel Benabidallah Youcef Bouziane Monica Johana Buitrago Ramirez Elyes Cherfa Imane Cherfa Paul Perrotin Anciens membres Vanea Chiprianov Anciens doctorants Abderrhamane Seriai (2014) Salma Hamza (2014) Minh Tu Ton That (2014) &hellip; <\/p>\n<p><a class=\"more-link btn\" href=\"https:\/\/www-secreizh.irisa.fr\/fr\/members\/\">Lire la suite<\/a><\/p>\n","protected":false},"author":1,"featured_media":0,"parent":0,"menu_order":0,"comment_status":"closed","ping_status":"open","template":"","meta":{"footnotes":""},"class_list":["post-22","page","type-page","status-publish","hentry","nodate","item-wrap"],"_links":{"self":[{"href":"https:\/\/www-secreizh.irisa.fr\/fr\/wp-json\/wp\/v2\/pages\/22","targetHints":{"allow":["GET"]}}],"collection":[{"href":"https:\/\/www-secreizh.irisa.fr\/fr\/wp-json\/wp\/v2\/pages"}],"about":[{"href":"https:\/\/www-secreizh.irisa.fr\/fr\/wp-json\/wp\/v2\/types\/page"}],"author":[{"embeddable":true,"href":"https:\/\/www-secreizh.irisa.fr\/fr\/wp-json\/wp\/v2\/users\/1"}],"replies":[{"embeddable":true,"href":"https:\/\/www-secreizh.irisa.fr\/fr\/wp-json\/wp\/v2\/comments?post=22"}],"version-history":[{"count":47,"href":"https:\/\/www-secreizh.irisa.fr\/fr\/wp-json\/wp\/v2\/pages\/22\/revisions"}],"predecessor-version":[{"id":989,"href":"https:\/\/www-secreizh.irisa.fr\/fr\/wp-json\/wp\/v2\/pages\/22\/revisions\/989"}],"wp:attachment":[{"href":"https:\/\/www-secreizh.irisa.fr\/fr\/wp-json\/wp\/v2\/media?parent=22"}],"curies":[{"name":"wp","href":"https:\/\/api.w.org\/{rel}","templated":true}]}}