


{"id":4,"date":"2011-07-21T07:09:18","date_gmt":"2011-07-21T07:09:18","guid":{"rendered":"http:\/\/team.inria.fr\/template1\/?page_id=4"},"modified":"2024-11-28T12:14:15","modified_gmt":"2024-11-28T11:14:15","slug":"contact","status":"publish","type":"page","link":"https:\/\/www-secreizh.irisa.fr\/fr\/contact\/","title":{"rendered":"Contacts"},"content":{"rendered":"<p><\/p>\n<h2>Adresse<\/h2>\n<blockquote><p>IRISA \/ Universit\u00e9 de Bretagne Sud<\/p>\n<p>Campus de Tohannic, B\u00e2t. ENSIBS<\/p>\n<p>BP 573<\/p>\n<p>F-56017 VANNES Cedex<\/p><\/blockquote>\n<h2>Responsable de l&rsquo;\u00e9quipe<\/h2>\n<blockquote><p>nom:\u00a0<a title=\"Flavio Oquendo\" href=\"https:\/\/www-archware.irisa.fr\/members\/flavio-oquendo\/\">Flavio Oquendo<\/a><\/p>\n<p>m\u00e9l:\u00a0Flavio (DOT) Oquendo (AT) irisa.fr<\/p><\/blockquote>\n<h2>Assistante<\/h2>\n<blockquote><p>nom:\u00a0Sylviane Boisadan<\/p>\n<p>m\u00e9l:\u00a0Sylviane (DOT) Boisadan (AT) irisa.fr<\/p>\n<p>t\u00e9l:\u00a0+33 2 97 01 72 35<\/p><\/blockquote>\n<p><\/p>","protected":false},"excerpt":{"rendered":"<p>Adresse IRISA \/ Universit\u00e9 de Bretagne Sud Campus de Tohannic, B\u00e2t. ENSIBS BP 573 F-56017 VANNES Cedex Responsable de l&rsquo;\u00e9quipe nom:\u00a0Flavio Oquendo m\u00e9l:\u00a0Flavio (DOT) Oquendo (AT) irisa.fr Assistante nom:\u00a0Sylviane Boisadan m\u00e9l:\u00a0Sylviane (DOT) Boisadan (AT) irisa.fr t\u00e9l:\u00a0+33 2 97 01 72 35<\/p>\n","protected":false},"author":1,"featured_media":0,"parent":0,"menu_order":0,"comment_status":"closed","ping_status":"open","template":"","meta":{"footnotes":""},"class_list":["post-4","page","type-page","status-publish","hentry","nodate","item-wrap"],"_links":{"self":[{"href":"https:\/\/www-secreizh.irisa.fr\/fr\/wp-json\/wp\/v2\/pages\/4","targetHints":{"allow":["GET"]}}],"collection":[{"href":"https:\/\/www-secreizh.irisa.fr\/fr\/wp-json\/wp\/v2\/pages"}],"about":[{"href":"https:\/\/www-secreizh.irisa.fr\/fr\/wp-json\/wp\/v2\/types\/page"}],"author":[{"embeddable":true,"href":"https:\/\/www-secreizh.irisa.fr\/fr\/wp-json\/wp\/v2\/users\/1"}],"replies":[{"embeddable":true,"href":"https:\/\/www-secreizh.irisa.fr\/fr\/wp-json\/wp\/v2\/comments?post=4"}],"version-history":[{"count":14,"href":"https:\/\/www-secreizh.irisa.fr\/fr\/wp-json\/wp\/v2\/pages\/4\/revisions"}],"predecessor-version":[{"id":990,"href":"https:\/\/www-secreizh.irisa.fr\/fr\/wp-json\/wp\/v2\/pages\/4\/revisions\/990"}],"wp:attachment":[{"href":"https:\/\/www-secreizh.irisa.fr\/fr\/wp-json\/wp\/v2\/media?parent=4"}],"curies":[{"name":"wp","href":"https:\/\/api.w.org\/{rel}","templated":true}]}}