


{"id":7,"date":"2011-07-21T07:13:19","date_gmt":"2011-07-21T07:13:19","guid":{"rendered":"http:\/\/team.inria.fr\/template1\/?page_id=7"},"modified":"2014-03-06T11:39:40","modified_gmt":"2014-03-06T10:39:40","slug":"job-offers","status":"publish","type":"page","link":"https:\/\/www-secreizh.irisa.fr\/fr\/job-offers\/","title":{"rendered":"Offres d&#8217;emploi"},"content":{"rendered":"<p><\/p>\n<h3>Th\u00e8se<\/h3>\n<p style=\"padding-left: 30px;\">Aucune pour le moment.<\/p>\n<p><!--Th\u00e8se CIFRE :\u00a0<a title=\"th\u00e8se Cifre IRISA-Alkante 2013\" href=\"https:\/\/www-archware.irisa.fr\/job-offers\/francais-these-cifre-irisa-alkante-2013\/\">\u00c9laboration d'une approche de conception de Syst\u00e8mes de Syst\u00e8mes (SoS) de type semi-dirig\u00e9<\/a>.\n--><\/p>\n<h3>Postdoc<\/h3>\n<p style=\"padding-left: 30px;\">Aucune pour le moment.<\/p>\n<p><span style=\"color: #333333; font-family: 'Pontano Sans', arial, sans-serif; font-size: 18px;\">Stages Master Recherche<\/span><\/p>\n<ul>\n<li><a title=\"Reconfiguration dynamique de syst\u00e8mes de syst\u00e8mes avec une approche par les patterns\" href=\"http:\/\/master.irisa.fr\/index.php\/fr\/370?id_stage=93\" target=\"_blank\">Reconfiguration dynamique de syst\u00e8mes de syst\u00e8mes avec une approche par les patterns<\/a><\/li>\n<li><a title=\"Architectural Analysis of Software-Intensive Systems-of-Systems\" href=\"http:\/\/master.irisa.fr\/index.php\/fr\/370?id_stage=117\" target=\"_blank\">Architectural Analysis of Software-Intensive Systems-of-Systems<\/a><\/li>\n<\/ul>\n<p><\/p>","protected":false},"excerpt":{"rendered":"<p>Th\u00e8se Aucune pour le moment. Postdoc Aucune pour le moment. Stages Master Recherche Reconfiguration dynamique de syst\u00e8mes de syst\u00e8mes avec une approche par les patterns Architectural Analysis of Software-Intensive Systems-of-Systems<\/p>\n","protected":false},"author":1,"featured_media":0,"parent":0,"menu_order":0,"comment_status":"closed","ping_status":"open","template":"","meta":{"footnotes":""},"class_list":["post-7","page","type-page","status-publish","hentry","nodate","item-wrap"],"_links":{"self":[{"href":"https:\/\/www-secreizh.irisa.fr\/fr\/wp-json\/wp\/v2\/pages\/7","targetHints":{"allow":["GET"]}}],"collection":[{"href":"https:\/\/www-secreizh.irisa.fr\/fr\/wp-json\/wp\/v2\/pages"}],"about":[{"href":"https:\/\/www-secreizh.irisa.fr\/fr\/wp-json\/wp\/v2\/types\/page"}],"author":[{"embeddable":true,"href":"https:\/\/www-secreizh.irisa.fr\/fr\/wp-json\/wp\/v2\/users\/1"}],"replies":[{"embeddable":true,"href":"https:\/\/www-secreizh.irisa.fr\/fr\/wp-json\/wp\/v2\/comments?post=7"}],"version-history":[{"count":20,"href":"https:\/\/www-secreizh.irisa.fr\/fr\/wp-json\/wp\/v2\/pages\/7\/revisions"}],"predecessor-version":[{"id":332,"href":"https:\/\/www-secreizh.irisa.fr\/fr\/wp-json\/wp\/v2\/pages\/7\/revisions\/332"}],"wp:attachment":[{"href":"https:\/\/www-secreizh.irisa.fr\/fr\/wp-json\/wp\/v2\/media?parent=7"}],"curies":[{"name":"wp","href":"https:\/\/api.w.org\/{rel}","templated":true}]}}