


{"id":801,"date":"2017-03-03T14:57:31","date_gmt":"2017-03-03T13:57:31","guid":{"rendered":"https:\/\/www-archware.irisa.fr\/?page_id=801"},"modified":"2018-05-31T11:25:42","modified_gmt":"2018-05-31T09:25:42","slug":"nicolas-belloir","status":"publish","type":"page","link":"https:\/\/www-secreizh.irisa.fr\/fr\/members\/nicolas-belloir\/","title":{"rendered":"Nicolas Belloir"},"content":{"rendered":"<p><\/p>\n<h3><a href=\"https:\/\/www-archware.irisa.fr\/files\/2017\/03\/Nico-Id-2015.png\"><img loading=\"lazy\" decoding=\"async\" class=\"size-full wp-image-734 alignleft\" src=\"https:\/\/www-archware.irisa.fr\/files\/2017\/03\/Nico-Id-2015.png\" alt=\"Nicolas Belloir\" width=\"120\" height=\"160\" \/><\/a><\/h3>\n<p>&nbsp;<\/p>\n<p>Ma\u00eetre de conf\u00e9rences \u00e0 l&rsquo;Universit\u00e9 de Bretagne Sud, d\u00e9tach\u00e9 aux Ecoles de St-Cyr Co\u00ebtquidan<\/p>\n<p>&nbsp;<\/p>\n<p>&nbsp;<\/p>\n<p>voir ma page personnelle sur le site de l&rsquo;IRISA : <a href=\"https:\/\/people.irisa.fr\/Nicolas.Belloir\/\">https:\/\/people.irisa.fr\/Nicolas.Belloir\/<\/a><\/p>","protected":false},"excerpt":{"rendered":"<p>&nbsp; Ma\u00eetre de conf\u00e9rences \u00e0 l&rsquo;Universit\u00e9 de Bretagne Sud, d\u00e9tach\u00e9 aux Ecoles de St-Cyr Co\u00ebtquidan &nbsp; &nbsp; voir ma page personnelle sur le site de l&rsquo;IRISA : https:\/\/people.irisa.fr\/Nicolas.Belloir\/<\/p>\n","protected":false},"author":744,"featured_media":0,"parent":22,"menu_order":0,"comment_status":"closed","ping_status":"closed","template":"","meta":{"footnotes":""},"class_list":["post-801","page","type-page","status-publish","hentry","nodate","item-wrap"],"_links":{"self":[{"href":"https:\/\/www-secreizh.irisa.fr\/fr\/wp-json\/wp\/v2\/pages\/801","targetHints":{"allow":["GET"]}}],"collection":[{"href":"https:\/\/www-secreizh.irisa.fr\/fr\/wp-json\/wp\/v2\/pages"}],"about":[{"href":"https:\/\/www-secreizh.irisa.fr\/fr\/wp-json\/wp\/v2\/types\/page"}],"author":[{"embeddable":true,"href":"https:\/\/www-secreizh.irisa.fr\/fr\/wp-json\/wp\/v2\/users\/744"}],"replies":[{"embeddable":true,"href":"https:\/\/www-secreizh.irisa.fr\/fr\/wp-json\/wp\/v2\/comments?post=801"}],"version-history":[{"count":8,"href":"https:\/\/www-secreizh.irisa.fr\/fr\/wp-json\/wp\/v2\/pages\/801\/revisions"}],"predecessor-version":[{"id":966,"href":"https:\/\/www-secreizh.irisa.fr\/fr\/wp-json\/wp\/v2\/pages\/801\/revisions\/966"}],"up":[{"embeddable":true,"href":"https:\/\/www-secreizh.irisa.fr\/fr\/wp-json\/wp\/v2\/pages\/22"}],"wp:attachment":[{"href":"https:\/\/www-secreizh.irisa.fr\/fr\/wp-json\/wp\/v2\/media?parent=801"}],"curies":[{"name":"wp","href":"https:\/\/api.w.org\/{rel}","templated":true}]}}